{"id":16,"date":"2022-03-17T00:00:00","date_gmt":"2022-03-17T00:00:00","guid":{"rendered":"http:\/\/localhost\/retigo\/?page_id=16"},"modified":"2026-04-29T13:19:06","modified_gmt":"2026-04-29T13:19:06","slug":"16-2","status":"publish","type":"page","link":"https:\/\/www.safetyltda.com.br\/","title":{"rendered":"Pagina inicial"},"content":{"rendered":"<section id=\"section_0\" class=\"section full-width-with-padding section-border-no section-height-content section-parallax-no section-bgtype-image section-fixed-background-yes  section-bgstyle-stretch section-triangle-no triangle-location-top section-overlay-no section-overlay-dot-no \" data-parallax_speed=\"0.8\" style=\"padding-top:80px;padding-bottom:100px;background-color:#ffffff;\" data-video-ratio=\"\"><div class=\"section-overlay\"><\/div><div class=\"container section-content\"><div class=\"row-fluid\">\n\t<h2 class=\"title textcenter default divider-dark divider-default color-default\" style=\"margin-bottom:12px\"><span>EXCEL\u00caNCIA EM COMUNICA\u00c7\u00c3O VISUAL<\/span>\n\t<\/h2>\n\n\t<div class=\"column-text clearfix\">\n\t\t\n<h5 style=\"text-align: center;\">Desde de 2001\u00a0focada na qualidade dos servi\u00e7os, a Safety oferece<br \/>\nsolu\u00e7\u00f5es em Comunica\u00e7\u00e3o Visual, Sinaliza\u00e7\u00e3o Vi\u00e1ria e Industrial e M\u00eddias Exteriores.<br \/>\nConte com a Safety para o seu projeto e surpreenda-se.<\/h5>\n\n\t<\/div> <div class=\"gap \" style=\"height:50px;line-height:50px;\" ><\/div>\n<div class=\"row-fluid element-padding-no \">\n\t<div class=\"span4\">\n\t\t<div class=\"inner-content\">\n\t\t\t\n\t<div class=\"single-image img-align-none \" data-animation-delay=\"100\" data-animation-effect=\"\">\n\t\t<img loading=\"lazy\" decoding=\"async\" src=\"https:\/\/www.safetyltda.com.br\/wp-content\/uploads\/2014\/04\/Comunicacao-Visual1-480x320.png\" width=\"480\" height=\"320\" alt=\"Comunicacao-Visual\" \/>\n\t\t\t\n\t<\/div> \n\t<div id=\"brad_box_1\" class=\"box scheme1 border-bottom-radius-no border-top-radius-no  \" style=\"padding:40px 15px 25px;background-color:#0054a6;background-color:rgba(0,84,166,1);\">\n\t\t\n\t<h6 class=\"title textcenter default divider-dark divider-default color-default\" style=\"margin-bottom:5px\"><span>COMUNICA\u00c7\u00c3O VISUAL<\/span>\n\t<\/h6>\n\n\t<\/div>\n\t\t<\/div> \n\t<\/div> \n\n\t<div class=\"span4\">\n\t\t<div class=\"inner-content\">\n\t\t\t\n\t<div class=\"single-image img-align-none \" data-animation-delay=\"100\" data-animation-effect=\"\">\n\t\t<img loading=\"lazy\" decoding=\"async\" src=\"https:\/\/www.safetyltda.com.br\/wp-content\/uploads\/2014\/04\/Sinalizacao-Industrial1-480x320.png\" width=\"480\" height=\"320\" alt=\"Sinalizacao-Industrial\" \/>\n\t\t\t\n\t<\/div> \n\t<div id=\"brad_box_2\" class=\"box scheme1 border-bottom-radius-no border-top-radius-no  \" style=\"padding:40px 15px 25px;background-color:#01905b;background-color:rgba(1,144,91,1);\">\n\t\t\n\t<h6 class=\"title textcenter default divider-dark divider-default color-default\" style=\"margin-bottom:5px\"><span>SINALIZA\u00c7\u00c3O INDUSTRIAL<\/span>\n\t<\/h6>\n\n\t<\/div>\n\t\t<\/div> \n\t<\/div> \n\n\t<div class=\"span4\">\n\t\t<div class=\"inner-content\">\n\t\t\t\n\t<div class=\"single-image img-align-none \" data-animation-delay=\"100\" data-animation-effect=\"\">\n\t\t<img loading=\"lazy\" decoding=\"async\" src=\"https:\/\/www.safetyltda.com.br\/wp-content\/uploads\/2014\/04\/Sinalizacao-Viaria1-480x320.png\" width=\"480\" height=\"320\" alt=\"Sinalizacao-Viaria\" \/>\n\t\t\t\n\t<\/div> \n\t<div id=\"brad_box_3\" class=\"box scheme1 border-bottom-radius-no border-top-radius-no  \" style=\"padding:40px 15px 25px;background-color:#e4a601;background-color:rgba(228,166,1,1);\">\n\t\t\n\t<h6 class=\"title textcenter default divider-dark divider-default color-default\" style=\"margin-bottom:5px\"><span>SINALIZA\u00c7\u00c3O VI\u00c1RIA<\/span>\n\t<\/h6>\n\n\t<\/div>\n\t\t<\/div> \n\t<\/div> \n<\/div><\/div><\/div><\/section><\/div><\/div><\/section><section id=\"section_1\" class=\"section  section-border-no section-height-content section-parallax-no section-bgtype-image section-fixed-background-yes  section-bgstyle-stretch section-triangle-no triangle-location-top section-overlay-no section-overlay-dot-no \" data-parallax_speed=\"0.8\" style=\"padding-top:90px;padding-bottom:90px;background-color:#ffffff;\" data-video-ratio=\"\"><div class=\"section-overlay\"><\/div><div class=\"container section-content\"><div class=\"row-fluid\">\n\t<h2 class=\"title textcenter default divider-dark divider-default color-default\" style=\"margin-bottom:12px\"><span>ALGUNS DE NOSSOS CLIENTES<\/span>\n\t<\/h2>\n<div class=\"gap \" style=\"height:80px;line-height:80px;\" ><\/div>\n<div id=\"clients_0\" class=\"row-fluid element-inner-vertical-padding-medium element-inner-horizental-padding-medium clients-grid style1 element-padding-medium columns-5 \" ><div class=\"span\"><div class=\"inner-content \" data-animation-delay=\"0\" data-animation-effect=\"\"><a href=\"#\" title=\"Client1\"><img loading=\"lazy\" decoding=\"async\" width=\"150\" height=\"58\" src=\"https:\/\/www.safetyltda.com.br\/wp-content\/uploads\/2014\/07\/Logo_vale.png\" class=\"attachment- size-\" alt=\"\" \/><\/a><\/div><\/div><div class=\"span\"><div class=\"inner-content \" data-animation-delay=\"0\" data-animation-effect=\"\"><a href=\"#\" title=\"Client2\"><img loading=\"lazy\" decoding=\"async\" width=\"146\" height=\"99\" src=\"https:\/\/www.safetyltda.com.br\/wp-content\/uploads\/2014\/07\/Logo_Mascarenhas.png\" class=\"attachment- size-\" alt=\"\" \/><\/a><\/div><\/div><div class=\"span\"><div class=\"inner-content \" data-animation-delay=\"0\" data-animation-effect=\"\"><a href=\"#\" title=\"Client3\"><img loading=\"lazy\" decoding=\"async\" width=\"112\" height=\"119\" src=\"https:\/\/www.safetyltda.com.br\/wp-content\/uploads\/2014\/07\/Logo_Herculano.png\" class=\"attachment- size-\" alt=\"\" \/><\/a><\/div><\/div><div class=\"span\"><div class=\"inner-content \" data-animation-delay=\"0\" data-animation-effect=\"\"><a href=\"#\" title=\"Client4\"><img loading=\"lazy\" decoding=\"async\" width=\"147\" height=\"83\" src=\"https:\/\/www.safetyltda.com.br\/wp-content\/uploads\/2014\/07\/Logo_integral.png\" class=\"attachment- size-\" alt=\"\" \/><\/a><\/div><\/div><div class=\"span\"><div class=\"inner-content \" data-animation-delay=\"0\" data-animation-effect=\"\"><a href=\"#\" title=\"Client5\"><img loading=\"lazy\" decoding=\"async\" width=\"155\" height=\"55\" src=\"https:\/\/www.safetyltda.com.br\/wp-content\/uploads\/2014\/07\/Logo_Deflor.png\" class=\"attachment- size-\" alt=\"\" \/><\/a><\/div><\/div><\/div>\n<div class=\"gap \" style=\"height:80px;line-height:80px;\" ><\/div>\n<div id=\"clients_1\" class=\"row-fluid element-inner-vertical-padding-medium element-inner-horizental-padding-medium clients-grid style1 element-padding-medium columns-4 \" ><div class=\"span\"><div class=\"inner-content \" data-animation-delay=\"0\" data-animation-effect=\"\"><img loading=\"lazy\" decoding=\"async\" width=\"144\" height=\"43\" src=\"https:\/\/www.safetyltda.com.br\/wp-content\/uploads\/2014\/07\/Logo_SAFM.png\" class=\"attachment- size-\" alt=\"\" \/><\/div><\/div><div class=\"span\"><div class=\"inner-content \" data-animation-delay=\"0\" data-animation-effect=\"\"><img loading=\"lazy\" decoding=\"async\" width=\"155\" height=\"36\" src=\"https:\/\/www.safetyltda.com.br\/wp-content\/uploads\/2014\/07\/Logo_namisa.png\" class=\"attachment- size-\" alt=\"\" srcset=\"https:\/\/www.safetyltda.com.br\/wp-content\/uploads\/2014\/07\/Logo_namisa.png 155w, https:\/\/www.safetyltda.com.br\/wp-content\/uploads\/2014\/07\/Logo_namisa-150x36.png 150w\" sizes=\"auto, (max-width: 155px) 100vw, 155px\" \/><\/div><\/div><div class=\"span\"><div class=\"inner-content \" data-animation-delay=\"0\" data-animation-effect=\"\"><a href=\"#\" title=\"Client7\"><img loading=\"lazy\" decoding=\"async\" width=\"100\" height=\"91\" src=\"https:\/\/www.safetyltda.com.br\/wp-content\/uploads\/2014\/07\/Logo_vallourec.png\" class=\"attachment- size-\" alt=\"\" \/><\/a><\/div><\/div><div class=\"span\"><div class=\"inner-content \" data-animation-delay=\"0\" data-animation-effect=\"\"><img loading=\"lazy\" decoding=\"async\" width=\"152\" height=\"34\" src=\"https:\/\/www.safetyltda.com.br\/wp-content\/uploads\/2014\/07\/Logo_imbil.png\" class=\"attachment- size-\" alt=\"\" srcset=\"https:\/\/www.safetyltda.com.br\/wp-content\/uploads\/2014\/07\/Logo_imbil.png 152w, https:\/\/www.safetyltda.com.br\/wp-content\/uploads\/2014\/07\/Logo_imbil-150x34.png 150w\" sizes=\"auto, (max-width: 152px) 100vw, 152px\" \/><\/div><\/div><\/div>\n<\/div><\/div><\/section><\/div><\/div><\/section><section id=\"section_2\" class=\"section full-width section-border-no section-height-content section-parallax-no section-bgtype-image section-fixed-background-yes  section-bgstyle-stretch section-triangle-no triangle-location-top section-overlay-no section-overlay-dot-no \" data-parallax_speed=\"0.8\" style=\"padding-top:0;padding-bottom:0;background-color:#ffffff;\" data-video-ratio=\"\"><div class=\"section-overlay\"><\/div><div class=\"container section-content\"><div class=\"row-fluid\">\n\t<h1 class=\"title textcenter default divider-dark divider-default color-default\" style=\"margin-bottom:20px\"><span>ALGUNS PROJETOS EXECUTADOS PELA SAFETY<\/span>\n\t<\/h1>\n\n\t<div class=\"column-text clearfix\">\n\t\t<div class=\"row-fluid element-padding-default \">\n\t<div class=\"span12\">\n\t\t<div class=\"inner-content\">\n\t\t\t<div id=\"portfolio_1\" class=\"portfolio  padding-no\" ><div class=\"general-items portfolio-items filterable-items portfolio-style2 overlay-style2 columns-4 element-padding-no info-onhover-yes \" data-columns=\"4\" data-fullwidth=\"yes\" data-animation-delay=\"100\" data-animation-effect=\"\"><div class=\"portfolio-item sinalizacao-viaria home  span \"><div class=\"inner-content\"><div class=\"image hoverlay\"><img loading=\"lazy\" decoding=\"async\" src=\"https:\/\/www.safetyltda.com.br\/wp-content\/uploads\/2014\/07\/Sinalizacao_viaria_01-360x270.jpg\" width=\"360\" height=\"270\" alt=\"Sinalizacao_viaria_01\" \/><div class=\"overlay\"><div class=\"overlay-content\"><a href=\"https:\/\/www.safetyltda.com.br\/wp-content\/uploads\/2014\/07\/Sinalizacao_viaria_01.jpg\" title=\"Sinaliza\u00e7\u00e3o Vi\u00e1ria\" class=\"icon\" rel=\"prettyPhoto[portfolio1920755754]\"><i class=\"fa-search\"><\/i><\/a><\/div><\/div><\/div><div class=\"info\"><h5><a href=\"https:\/\/www.safetyltda.com.br\/?portfolio=sinalizacao-viaria-10\" title=\"Sinaliza\u00e7\u00e3o Vi\u00e1ria\">Sinaliza\u00e7\u00e3o Vi\u00e1ria<\/a><\/h5><\/div><\/div><\/div><div class=\"portfolio-item home sinalizacao-viaria  span \"><div class=\"inner-content\"><div class=\"image hoverlay\"><img loading=\"lazy\" decoding=\"async\" src=\"https:\/\/www.safetyltda.com.br\/wp-content\/uploads\/2014\/07\/Sinalizacao_viaria_05-360x270.jpg\" width=\"360\" height=\"270\" alt=\"Sinalizacao_viaria_05\" \/><div class=\"overlay\"><div class=\"overlay-content\"><a href=\"https:\/\/www.safetyltda.com.br\/wp-content\/uploads\/2014\/07\/Sinalizacao_viaria_05.jpg\" title=\"Sinaliza\u00e7\u00e3o Vi\u00e1ria\" class=\"icon\" rel=\"prettyPhoto[portfolio552865851]\"><i class=\"fa-search\"><\/i><\/a><\/div><\/div><\/div><div class=\"info\"><h5><a href=\"https:\/\/www.safetyltda.com.br\/?portfolio=sinalizacao-viaria-6\" title=\"Sinaliza\u00e7\u00e3o Vi\u00e1ria\">Sinaliza\u00e7\u00e3o Vi\u00e1ria<\/a><\/h5><\/div><\/div><\/div><div class=\"portfolio-item sinalizacao-industrial home  span \"><div class=\"inner-content\"><div class=\"image hoverlay\"><img loading=\"lazy\" decoding=\"async\" src=\"https:\/\/www.safetyltda.com.br\/wp-content\/uploads\/2014\/07\/Sinalizacao_01-360x270.jpg\" width=\"360\" height=\"270\" alt=\"Sinalizacao_01\" \/><div class=\"overlay\"><div class=\"overlay-content\"><a href=\"https:\/\/www.safetyltda.com.br\/wp-content\/uploads\/2014\/07\/Sinalizacao_01.jpg\" title=\"Sinaliza\u00e7\u00e3o Industrial\" class=\"icon\" rel=\"prettyPhoto[portfolio1926550727]\"><i class=\"fa-search\"><\/i><\/a><\/div><\/div><\/div><div class=\"info\"><h5><a href=\"https:\/\/www.safetyltda.com.br\/?portfolio=sinalizacao-industrial\" title=\"Sinaliza\u00e7\u00e3o Industrial\">Sinaliza\u00e7\u00e3o Industrial<\/a><\/h5><\/div><\/div><\/div><div class=\"portfolio-item home sinalizacao-industrial  span \"><div class=\"inner-content\"><div class=\"image hoverlay\"><img loading=\"lazy\" decoding=\"async\" src=\"https:\/\/www.safetyltda.com.br\/wp-content\/uploads\/2014\/07\/Sinalizacao_05-360x270.jpg\" width=\"360\" height=\"270\" alt=\"Sinalizacao_05\" \/><div class=\"overlay\"><div class=\"overlay-content\"><a href=\"https:\/\/www.safetyltda.com.br\/wp-content\/uploads\/2014\/07\/Sinalizacao_05.jpg\" title=\"Sinaliza\u00e7\u00e3o Industrial\" class=\"icon\" rel=\"prettyPhoto[portfolio357046799]\"><i class=\"fa-search\"><\/i><\/a><\/div><\/div><\/div><div class=\"info\"><h5><a href=\"https:\/\/www.safetyltda.com.br\/?portfolio=sinalizacao-industrial-5\" title=\"Sinaliza\u00e7\u00e3o Industrial\">Sinaliza\u00e7\u00e3o Industrial<\/a><\/h5><\/div><\/div><\/div><div class=\"portfolio-item placas home  span \"><div class=\"inner-content\"><div class=\"image hoverlay\"><img loading=\"lazy\" decoding=\"async\" src=\"https:\/\/www.safetyltda.com.br\/wp-content\/uploads\/2014\/07\/Placa_00-360x270.jpg\" width=\"360\" height=\"270\" alt=\"Placa_00\" \/><div class=\"overlay\"><div class=\"overlay-content\"><a href=\"https:\/\/www.safetyltda.com.br\/wp-content\/uploads\/2014\/07\/Placa_00.jpg\" title=\"Placas\" class=\"icon\" rel=\"prettyPhoto[portfolio640765862]\"><i class=\"fa-search\"><\/i><\/a><\/div><\/div><\/div><div class=\"info\"><h5><a href=\"https:\/\/www.safetyltda.com.br\/?portfolio=placas-3\" title=\"Placas\">Placas<\/a><\/h5><\/div><\/div><\/div><div class=\"portfolio-item home placas  span \"><div class=\"inner-content\"><div class=\"image hoverlay\"><img loading=\"lazy\" decoding=\"async\" src=\"https:\/\/www.safetyltda.com.br\/wp-content\/uploads\/2014\/07\/Placa_03-360x270.jpg\" width=\"360\" height=\"270\" alt=\"Placa_03\" \/><div class=\"overlay\"><div class=\"overlay-content\"><a href=\"https:\/\/www.safetyltda.com.br\/wp-content\/uploads\/2014\/07\/Placa_03.jpg\" title=\"Placas\" class=\"icon\" rel=\"prettyPhoto[portfolio1053345177]\"><i class=\"fa-search\"><\/i><\/a><\/div><\/div><\/div><div class=\"info\"><h5><a href=\"https:\/\/www.safetyltda.com.br\/?portfolio=placas-6\" title=\"Placas\">Placas<\/a><\/h5><\/div><\/div><\/div><div class=\"portfolio-item veiculos home  span \"><div class=\"inner-content\"><div class=\"image hoverlay\"><img loading=\"lazy\" decoding=\"async\" src=\"https:\/\/www.safetyltda.com.br\/wp-content\/uploads\/2014\/07\/Frota_03-360x270.jpg\" width=\"360\" height=\"270\" alt=\"Frota_03\" \/><div class=\"overlay\"><div class=\"overlay-content\"><a href=\"https:\/\/www.safetyltda.com.br\/wp-content\/uploads\/2014\/07\/Frota_03.jpg\" title=\"Ve\u00edculos\" class=\"icon\" rel=\"prettyPhoto[portfolio503017898]\"><i class=\"fa-search\"><\/i><\/a><\/div><\/div><\/div><div class=\"info\"><h5><a href=\"https:\/\/www.safetyltda.com.br\/?portfolio=veiculos-5\" title=\"Ve\u00edculos\">Ve\u00edculos<\/a><\/h5><\/div><\/div><\/div><div class=\"portfolio-item veiculos home  span \"><div class=\"inner-content\"><div class=\"image hoverlay\"><img loading=\"lazy\" decoding=\"async\" src=\"https:\/\/www.safetyltda.com.br\/wp-content\/uploads\/2014\/07\/Frota_05-360x270.jpg\" width=\"360\" height=\"270\" alt=\"Frota_05\" \/><div class=\"overlay\"><div class=\"overlay-content\"><a href=\"https:\/\/www.safetyltda.com.br\/wp-content\/uploads\/2014\/07\/Frota_05.jpg\" title=\"Ve\u00edculos\" class=\"icon\" rel=\"prettyPhoto[portfolio666999652]\"><i class=\"fa-search\"><\/i><\/a><\/div><\/div><\/div><div class=\"info\"><h5><a href=\"https:\/\/www.safetyltda.com.br\/?portfolio=veiculos-8\" title=\"Ve\u00edculos\">Ve\u00edculos<\/a><\/h5><\/div><\/div><\/div><div class=\"portfolio-item home veiculos  span \"><div class=\"inner-content\"><div class=\"image hoverlay\"><img loading=\"lazy\" decoding=\"async\" src=\"https:\/\/www.safetyltda.com.br\/wp-content\/uploads\/2014\/07\/Frota_07-360x270.jpg\" width=\"360\" height=\"270\" alt=\"Frota_07\" \/><div class=\"overlay\"><div class=\"overlay-content\"><a href=\"https:\/\/www.safetyltda.com.br\/wp-content\/uploads\/2014\/07\/Frota_07.jpg\" title=\"Ve\u00edculos\" class=\"icon\" rel=\"prettyPhoto[portfolio1377590189]\"><i class=\"fa-search\"><\/i><\/a><\/div><\/div><\/div><div class=\"info\"><h5><a href=\"https:\/\/www.safetyltda.com.br\/?portfolio=veiculos-10\" title=\"Ve\u00edculos\">Ve\u00edculos<\/a><\/h5><\/div><\/div><\/div><div class=\"portfolio-item home comunicacao-visual  span \"><div class=\"inner-content\"><div class=\"image hoverlay\"><img loading=\"lazy\" decoding=\"async\" src=\"https:\/\/www.safetyltda.com.br\/wp-content\/uploads\/2014\/07\/Adesivacao_022-360x270.jpg\" width=\"360\" height=\"270\" alt=\"Adesivacao_02\" \/><div class=\"overlay\"><div class=\"overlay-content\"><a href=\"https:\/\/www.safetyltda.com.br\/wp-content\/uploads\/2014\/07\/Adesivacao_022.jpg\" title=\"Adesiva\u00e7\u00e3o\" class=\"icon\" rel=\"prettyPhoto[portfolio1872702789]\"><i class=\"fa-search\"><\/i><\/a><\/div><\/div><\/div><div class=\"info\"><h5><a href=\"https:\/\/www.safetyltda.com.br\/?portfolio=adesivacao\" title=\"Adesiva\u00e7\u00e3o\">Adesiva\u00e7\u00e3o<\/a><\/h5><\/div><\/div><\/div><div class=\"portfolio-item home comunicacao-visual  span \"><div class=\"inner-content\"><div class=\"image hoverlay\"><img loading=\"lazy\" decoding=\"async\" src=\"https:\/\/www.safetyltda.com.br\/wp-content\/uploads\/2014\/07\/Outdoor_02-360x270.jpg\" width=\"360\" height=\"270\" alt=\"Outdoor_02\" \/><div class=\"overlay\"><div class=\"overlay-content\"><a href=\"https:\/\/www.safetyltda.com.br\/wp-content\/uploads\/2014\/07\/Outdoor_02.jpg\" title=\"Toten\" class=\"icon\" rel=\"prettyPhoto[portfolio350779127]\"><i class=\"fa-search\"><\/i><\/a><\/div><\/div><\/div><div class=\"info\"><h5><a href=\"https:\/\/www.safetyltda.com.br\/?portfolio=outdoor-2\" title=\"Toten\">Toten<\/a><\/h5><\/div><\/div><\/div><div class=\"portfolio-item home comunicacao-visual  span \"><div class=\"inner-content\"><div class=\"image hoverlay\"><img loading=\"lazy\" decoding=\"async\" src=\"https:\/\/www.safetyltda.com.br\/wp-content\/uploads\/2014\/07\/Outdoor_04-360x270.jpg\" width=\"360\" height=\"270\" alt=\"Outdoor_04\" \/><div class=\"overlay\"><div class=\"overlay-content\"><a href=\"https:\/\/www.safetyltda.com.br\/wp-content\/uploads\/2014\/07\/Outdoor_04.jpg\" title=\"Outdoor\" class=\"icon\" rel=\"prettyPhoto[portfolio1372747603]\"><i class=\"fa-search\"><\/i><\/a><\/div><\/div><\/div><div class=\"info\"><h5><a href=\"https:\/\/www.safetyltda.com.br\/?portfolio=outdoor-4\" title=\"Outdoor\">Outdoor<\/a><\/h5><\/div><\/div><\/div><\/div><\/div>\n\t\t<\/div> \n\t<\/div> \n<\/div>\n\t<\/div> <div class=\"gap \" style=\"height:20px;line-height:20px;\" ><\/div>\n<\/div><\/div><\/section><\/div><\/div><\/section>\n\t<section id=\"section_3\" class=\"section double-section section-default section-border-no \" style=\"\"><div class=\"double-section-content\">\n\t\t<div class=\"container\"><div class=\"row-fluid\">\n\t\t\t<div class=\"section-container section-fixed-background-yes  section-bgstyle-stretch rm-padding-no fullwidth-no alignv-center-no \" style=\"padding-top:60px;padding-bottom:60px;background-color:#333333; background-color:rgba(51,51,51,1);\"><div class=\"inner-content\">\n\t<div id=\"brad_box_4\" class=\"box scheme1 border-bottom-radius-no border-top-radius-no  \" style=\"padding:0;\">\n\t\t\n\t<h4 class=\"title textleft style1 divider-dark divider-default color-default\" style=\"margin-bottom:30px\"><span>ENTRAR EM CONTATO<\/span>\n\t<\/h4>\n\n\t<h5 class=\"title textleft default divider-dark divider-default color-default\" style=\"margin-bottom:10px\"><span>Rua Dr. Eurico Rodrigues, 126<br \/>\nCentro | CEP 35.450-000<br \/>\nItabirito | Minas Gerais<\/span>\n\t<\/h5>\n\n\t<h5 class=\"title textleft default divider-dark divider-default color-default\" style=\"margin-bottom:10px\"><span><b>T:<\/b> 31 3561-7777<\/span>\n\t<\/h5>\n\n\t<h5 class=\"title textleft default divider-dark divider-default color-default\" style=\"margin-bottom:10px\"><span><b>E:<\/b> safety@safetyltda.com.br<\/span>\n\t<\/h5>\n<div class=\"gap \" style=\"height:10px;line-height:10px;\" ><\/div>\n\n\t<div class=\"column-text clearfix\">\n\t\t<style type='text\/css'>#social_icons_1 li a{color:#ffffff;}<\/style>\n\t<ul id=\"social_icons_1\" class=\"social-icons above-normal style1\">\n\t\t \n\t<li><a href=\"#\" title=\"Twitter\" target=\"_self\"><i class=\"ss-social-regular ss-twitter\"><\/i><\/a><\/li> \n\t<li><a href=\"#\" title=\"Linked in\" target=\"_self\"><i class=\"ss-social-regular ss-linkedin\"><\/i><\/a><\/li> \n\t<li><a href=\"#\" title=\"Google Plus\" target=\"_self\"><i class=\"ss-social-regular ss-googleplus\"><\/i><\/a><\/li> \n\t<li><a href=\"#\" title=\"Skype\" target=\"_self\"><i class=\"ss-social-regular ss-skype\"><\/i><\/a><\/li> \n\t<li><a href=\"#\" title=\"Dribbble\" target=\"_self\"><i class=\"ss-social-regular ss-dribbble\"><\/i><\/a><\/li> \n\t<li><a href=\"#\" title=\"Youtube\" target=\"_self\"><i class=\"ss-social-regular ss-youtube\"><\/i><\/a><\/li> \n\t<\/ul>\n\t<\/div> <div class=\"gap \" style=\"height:20px;line-height:20px;\" ><\/div>\n<a id=\"brad_button_1\" class=\"button button_default  default button_default icon-align-left\" title=\"OR\u00c7AMENTO\" href=\"#\">OR\u00c7AMENTO<\/a>\n\n\t<\/div><\/div><\/div><div class=\"section-container section-fixed-background-yes  section-bgstyle-stretch rm-padding-yes fullwidth-yes alignv-center-no \" style=\"padding-top:0;padding-bottom:0;background-color:#333333; background-color:rgba(51,51,51,1);\"><div class=\"inner-content\"><div id=\"map_1\" style=\"width:100%;height:520px\" class=\"google_map\" data-address=\"Rua Doutor Eurico Rodrigues, 126, MG\"  data-maptype=\"roadmap\" data-scrollwheel=\"true\" data-zoom=\"17\" data-marker=\"yes\" data-markerimage=\"\" data-style=\"style3\" data-infowindow=\"\" data-color=\"#00aff0\" ><\/div><\/div><\/div><\/div>\n\t\t<\/div><\/div>\n\t<\/section>\n","protected":false},"excerpt":{"rendered":"","protected":false},"author":3,"featured_media":0,"parent":0,"menu_order":0,"comment_status":"closed","ping_status":"closed","template":"","meta":{"footnotes":""},"class_list":["post-16","page","type-page","status-publish","hentry"],"_links":{"self":[{"href":"https:\/\/www.safetyltda.com.br\/index.php?rest_route=\/wp\/v2\/pages\/16","targetHints":{"allow":["GET"]}}],"collection":[{"href":"https:\/\/www.safetyltda.com.br\/index.php?rest_route=\/wp\/v2\/pages"}],"about":[{"href":"https:\/\/www.safetyltda.com.br\/index.php?rest_route=\/wp\/v2\/types\/page"}],"author":[{"embeddable":true,"href":"https:\/\/www.safetyltda.com.br\/index.php?rest_route=\/wp\/v2\/users\/3"}],"replies":[{"embeddable":true,"href":"https:\/\/www.safetyltda.com.br\/index.php?rest_route=%2Fwp%2Fv2%2Fcomments&post=16"}],"version-history":[{"count":74,"href":"https:\/\/www.safetyltda.com.br\/index.php?rest_route=\/wp\/v2\/pages\/16\/revisions"}],"predecessor-version":[{"id":4265,"href":"https:\/\/www.safetyltda.com.br\/index.php?rest_route=\/wp\/v2\/pages\/16\/revisions\/4265"}],"wp:attachment":[{"href":"https:\/\/www.safetyltda.com.br\/index.php?rest_route=%2Fwp%2Fv2%2Fmedia&parent=16"}],"curies":[{"name":"wp","href":"https:\/\/api.w.org\/{rel}","templated":true}]}}